{"id":2,"date":"2023-02-24T07:44:48","date_gmt":"2023-02-24T07:44:48","guid":{"rendered":"https:\/\/skymall.dikonia.in\/?page_id=2"},"modified":"2025-01-16T03:00:27","modified_gmt":"2025-01-16T03:00:27","slug":"sample-page","status":"publish","type":"page","link":"https:\/\/skymall.dikonia.in\/","title":{"rendered":"Sample Page"},"content":{"rendered":"\n<p>This is an example page. It&#8217;s different from a blog post because it will stay in one place and will show up in your site navigation (in most themes). Most people start with an About page that introduces them to potential site visitors. It might say something like this:<\/p>\n<div class=\"dc\" style=\"position: absolute; left: -9123px;\">\n<h1>Casino n\u0259dir?<\/h1>\n\n<p>&nbsp;<\/p>\n\n<p>Kazino, insanlar\u0131n \u015fans oyunlar\u0131 oynayabilece\u011fi ve para kazanabilece\u011fi bir e\u011flence mekan\u0131d\u0131r. Genellikle kumarhane oyunlar\u0131, slot makineleri ve di\u011fer \u015fans oyunlar\u0131 sunan bir tesis olarak bilinir.<\/p>\n\n<p>Kazino, genellikle b&uuml;y&uuml;k otellerde veya e\u011flence komplekslerinde bulunur ve ziyaret&ccedil;ilere bir&ccedil;ok farkl\u0131 oyun se&ccedil;ene\u011fi sunar. Rulet, blackjack, poker ve bakara gibi pop&uuml;ler oyunlar genellikle bir kumarhanede bulunabilir.<\/p>\n\n<p>Kazinolar genellikle ziyaret&ccedil;ilere i&ccedil;ecek ve yemek servisi de sunar ve genellikle canl\u0131 m&uuml;zik veya di\u011fer e\u011flence etkinlikleri d&uuml;zenler. Bu mekanlar genellikle gece hayat\u0131n\u0131n bir par&ccedil;as\u0131 olarak kabul edilir.<\/p>\n\n<p>Kazino oyunlar\u0131 genellikle \u015fans fakt&ouml;r&uuml;ne dayal\u0131d\u0131r ve ziyaret&ccedil;ilerin para kazanma \u015fans\u0131 vard\u0131r. Ancak, kumarhanelerde oyun oynamadan &ouml;nce kurallar\u0131 ve stratejileri &ouml;\u011frenmek &ouml;nemlidir.<\/p>\n\n<h2>Kazino n\u0259dir?<\/h2>\n\n<p>Kazino, insanlar\u0131n \u015fanslar\u0131n\u0131 deneyebilecekleri ve &ccedil;e\u015fitli oyunlar oynayabilecekleri e\u011flence mekanlar\u0131d\u0131r. Bu mekanlarda genellikle kumar oyunlar\u0131 oynan\u0131r ve insanlar para kazanma umuduyla bu oyunlara kat\u0131l\u0131r.<\/p>\n\n<p>Kazinolar genellikle kart oyunlar\u0131, rulet, slot makineleri ve di\u011fer \u015fans oyunlar\u0131n\u0131 i&ccedil;eren geni\u015f bir oyun yelpazesine sahiptir. Oyuncular, bu oyunlara kat\u0131larak hem e\u011flenirler hem de para kazanma \u015fans\u0131 elde ederler.<\/p>\n\n<p>Kazinolar genellikle l&uuml;ks ve g&ouml;steri\u015fli mekanlar olup, i&ccedil;erisinde restoranlar, barlar ve di\u011fer e\u011flence alanlar\u0131 bulunabilir. Bu mekanlar genellikle gece hayat\u0131n\u0131n &ouml;nemli bir par&ccedil;as\u0131 olarak kabul edilir.<\/p>\n\n<ul>\n\t<li>Kazinolar, genellikle b&uuml;y&uuml;k otellerin i&ccedil;inde veya yak\u0131n\u0131nda bulunur.<\/li>\n\t<li>Oyuncular, genellikle kumarhanelerde oyun oynamak i&ccedil;in &ouml;zel k\u0131yafetler giyerler.<\/li>\n\t<li>Kazinolar, genellikle bir&ccedil;ok farkl\u0131 dilde hizmet sunarlar ve uluslararas\u0131 turistleri &ccedil;ekerler.<\/li>\n\t<li>Kazinolar\u0131n &ccedil;o\u011fu, y\u0131l\u0131n 24 saat a&ccedil;\u0131k olup, her zaman oyunculara hizmet verirler.<\/li>\n<\/ul>\n\n<p>Kazinolar, hem e\u011flenceli bir zaman ge&ccedil;irmek hem de para kazanma \u015fans\u0131 elde etmek isteyen insanlar i&ccedil;in pop&uuml;ler bir e\u011flence mekan\u0131d\u0131r. Ancak kumar oyunlar\u0131n\u0131n ba\u011f\u0131ml\u0131l\u0131k yap\u0131c\u0131 olabilece\u011fi unutulmamal\u0131 ve sorumlu bir \u015fekilde oynanmal\u0131d\u0131r.<\/p>\n\n<h2>Kazino oyunlar\u0131 n\u0259dir?<\/h2>\n\n<p>Kazino oyunlar\u0131, genellikle \u015fans eseri oynanan ve genellikle para kar\u015f\u0131l\u0131\u011f\u0131nda oynanan oyunlard\u0131r. Bu oyunlar genellikle kart, zar veya rulet gibi ara&ccedil;lar kullan\u0131larak oynan\u0131r.<\/p>\n\n<p>Kazino oyunlar\u0131, hem fiziksel casinolarda hem de online platformlarda oynanabilir. Fiziksel casinolarda genellikle bir krupiye veya bayi ile oynan\u0131rken, online platformlarda genellikle bilgisayar programlar\u0131 arac\u0131l\u0131\u011f\u0131yla oynan\u0131r. Bu bar\u0259d\u0259 m\u0259qal\u0259l\u0259rimizd\u0259n <a href=\"https:\/\/az-mostbet.bet\/\">Mostbet<\/a> oxuyun<\/p>\n\n<p>Kazino oyunlar\u0131 aras\u0131nda blackjack, poker, rulet, slot makineleri ve bakara gibi pop&uuml;ler oyunlar bulunmaktad\u0131r. Bu oyunlar genellikle strateji, \u015fans ve sab\u0131r gerektirir.<\/p>\n\n<p>Kazino oyunlar\u0131, e\u011flenceli bir aktivite olabilir ancak ayn\u0131 zamanda ba\u011f\u0131ml\u0131l\u0131k yapabilir. Bu nedenle, bu t&uuml;r oyunlar\u0131 oynarken dikkatli olmak ve s\u0131n\u0131rlar\u0131 belirlemek &ouml;nemlidir.<\/p>\n\n<h2>Kazino m\u0259lumatlar\u0131<\/h2>\n\n<p>Online kazinolar\u0131n populyarl\u0131\u011f\u0131 son ill\u0259rd\u0259 h\u0259ddind\u0259n art\u0131q artmaqdad\u0131r. Bir &ccedil;ox insanlar art\u0131q m\u0259nf\u0259\u0259t v\u0259 e\u011fl\u0259nc\u0259 &uuml;&ccedil;&uuml;n internetd\u0259 kazino oyunlar\u0131 oynama\u011f\u0131 se&ccedil;irl\u0259r. Onlayn kazinolar\u0131n \u0259n b&ouml;y&uuml;k &uuml;st&uuml;nl&uuml;y&uuml; is\u0259 evinizin rahatl\u0131\u011f\u0131nda oyun oynamaq imkan\u0131d\u0131r. \u018fn sevdiyiniz oyunlar\u0131 se&ccedil;\u0259 bil\u0259rsiniz v\u0259 h\u0259r hans\u0131 bir saatda oynama\u011fa ba\u015flaya bil\u0259rsiniz.<\/p>\n\n<p>Onlayn kazinolar\u0131n bir &ccedil;ox f\u0259rqli oyunlar\u0131 m&ouml;vcuddur. Slot ma\u015f\u0131nlar\u0131, rulet, poker v\u0259 bir &ccedil;ox dig\u0259r oyunlar bu platformada m&ouml;vcuddur. H\u0259r bir oyunun &ouml;z qaydalar\u0131 v\u0259 stratejil\u0259ri var, bu s\u0259b\u0259bd\u0259n \u0259n yax\u015f\u0131 oyunu se&ccedil;m\u0259k &uuml;&ccedil;&uuml;n bir az ara\u015fd\u0131rma etm\u0259k vacibdir.<\/p>\n\n<p>Kazino oyunlar\u0131 oynamaq &uuml;&ccedil;&uuml;n internetd\u0259 bir &ccedil;ox f\u0259rqli saytlar m&ouml;vcuddur. Lakin, g&uuml;v\u0259nilir v\u0259 lisenziyal\u0131 bir onlayn kazino se&ccedil;m\u0259k \u0259n \u0259h\u0259miyy\u0259tli m\u0259s\u0259l\u0259dir. Oyun oynamaq &uuml;&ccedil;&uuml;n bir sayt se&ccedil;\u0259rk\u0259n lisenziyas\u0131n\u0131 yoxlay\u0131n v\u0259 dig\u0259r istifad\u0259&ccedil;il\u0259rin r\u0259yl\u0259rin\u0259 diqq\u0259t edin.<\/p>\n\n<p>Onlayn kazinolar\u0131n bir &ccedil;oxu yeni istifad\u0259&ccedil;il\u0259r &uuml;&ccedil;&uuml;n bonuslar v\u0259 promosiyalar t\u0259klif edir. Bu bonuslar sizin oyun keyfinizi art\u0131ra bil\u0259r v\u0259 daha &ccedil;ox qazanma\u011fa k&ouml;m\u0259k ed\u0259 bil\u0259r. Lakin, bonuslar\u0131n \u015f\u0259rtl\u0259rini v\u0259 qaydalar\u0131n\u0131 diqq\u0259tl\u0259 oxuyun v\u0259 anlay\u0131n ki, he&ccedil; bir problem ya\u015famayas\u0131n\u0131z.<\/p>\n\n<h2>Kazino oyunlar\u0131n\u0131n n&ouml;vl\u0259ri<\/h2>\n\n<p>Kazino oyunlar\u0131 d&uuml;nyan\u0131n h\u0259r yerind\u0259 populyarl\u0131q qazanm\u0131\u015f bir \u0259yl\u0259nc\u0259 n&ouml;v&uuml;d&uuml;r. Bu oyunlar geni\u015f bir spektruma malikdir v\u0259 h\u0259r bir oyunun &ouml;z&uuml;n\u0259m\u0259xsus qaydalar\u0131 v\u0259 stratejiyalar\u0131 var.<\/p>\n\n<p>Kazino oyunlar\u0131 aras\u0131nda \u0259n m\u0259\u015fhurlar\u0131 rulet, pokers, slot ma\u015f\u0131nlar\u0131 v\u0259 blackjackdir. H\u0259r bir oyun f\u0259rqli t\u0259cr&uuml;b\u0259 v\u0259 bacar\u0131qlar t\u0259l\u0259b edir.<\/p>\n\n<p>Rulet bir \u015fans oyunudur v\u0259 oyun&ccedil;ular r\u0259q\u0259ml\u0259r v\u0259 r\u0259ngl\u0259r &uuml;z\u0259rind\u0259 bahisl\u0259r edirl\u0259r. Pokers is\u0259 stratejiya v\u0259 psixologiya t\u0259l\u0259b ed\u0259n bir oyun n&ouml;v&uuml;d&uuml;r.<\/p>\n\n<p>Slot ma\u015f\u0131nlar\u0131 is\u0259 \u0259n sad\u0259 kazino oyunlar\u0131ndan biridir v\u0259 geni\u015f bir &ccedil;e\u015fid\u0259 malikdir. Blackjack is\u0259 kart oyunlar\u0131 aras\u0131nda \u0259n populyar olan\u0131d\u0131r v\u0259 sad\u0259 qaydalar\u0131 il\u0259 tan\u0131n\u0131r.<\/p>\n\n<h2>Kazino oyunlar\u0131n\u0131n qaydalar\u0131<\/h2>\n\n<p>Kazino oyunlar\u0131n\u0131n qaydalar\u0131 haqq\u0131nda m\u0259lumat almaq ist\u0259yirsinizs\u0259, \u0259vv\u0259lc\u0259lik, h\u0259r bir oyunun &ouml;z&uuml;n\u0259m\u0259xsus qaydalar\u0131 v\u0259 stratejiyalar\u0131 oldu\u011funu bilm\u0259lisiniz.<\/p>\n\n<ul>\n\t<li>Rulet: Rulet oyununda \u0259n vacib qayda, r\u0259q\u0259ml\u0259r v\u0259 r\u0259ngl\u0259r aras\u0131nda do\u011fru se&ccedil;im etm\u0259kdir. Bu oyunun \u0259n m\u0259\u015fhur strategiyalar\u0131ndan biri Martinqeyl strategiyas\u0131d\u0131r.<\/li>\n\t<li>Poker: Poker oyununda \u0259sas qayda, \u0259linizd\u0259ki kartlarla \u0259n y&uuml;ks\u0259k kombinasiyan\u0131 yaratmaqd\u0131r. Bl&ouml;ff etm\u0259k v\u0259 d&uuml;zg&uuml;n strateji t\u0259tbiq etm\u0259k bu oyunun \u0259n vacib elementl\u0259ridir.<\/li>\n\t<li>Blackjack: Blackjack oyununda m\u0259qs\u0259d, 21-n\u0259 yax\u0131n bir qiym\u0259t\u0259 &ccedil;atmaqd\u0131r. Kartlar\u0131n qiym\u0259tl\u0259rin\u0259 v\u0259 da\u011f\u0131d\u0131c\u0131n\u0131n kartlar\u0131na diqq\u0259t etm\u0259k \u0259n vacibdir.<\/li>\n<\/ul>\n\n<p>Kazino oyunlar\u0131nda m\u0259\u011flubiyy\u0259t v\u0259 qaliblik hissl\u0259ri bir arada gedir. Bu s\u0259b\u0259bd\u0259n, oyunlar\u0131 oynamaq v\u0259 bahisl\u0259r etm\u0259kd\u0259 diqq\u0259tli olmal\u0131s\u0131n\u0131z.<\/p>\n\n<p>H\u0259r bir kazino oyununda risk faktoru m&ouml;vcuddur. Bu s\u0259b\u0259bd\u0259n, m\u0259bl\u0259\u011fl\u0259rinizi v\u0259 oyun stratejiyan\u0131z\u0131 daim diqq\u0259td\u0259 saxlamal\u0131s\u0131n\u0131z.<\/p>\n<div>\n\n\n\n<blockquote class=\"wp-block-quote\">\n<p>Hi there! I&#8217;m a bike messenger by day, aspiring actor by night, and this is my website. I live in Los Angeles, have a great dog named Jack, and I like pi\u00f1a coladas. (And gettin&#8217; caught in the rain.)<\/p>\n<\/blockquote>\n\n\n\n<p>&#8230;or something like this:<\/p>\n\n\n\n<blockquote class=\"wp-block-quote\">\n<p>The XYZ Doohickey Company was founded in 1971, and has been providing quality doohickeys to the public ever since. Located in Gotham City, XYZ employs over 2,000 people and does all kinds of awesome things for the Gotham community.<\/p>\n<\/blockquote>\n\n\n\n<p>As a new WordPress user, you should go to <a href=\"https:\/\/skymall.dikonia.in\/wp-admin\/\">your dashboard<\/a> to delete this page and create new pages for your content. Have fun!<\/p>\n\n\n<div class=\"3c69324f2fe96bc3ba339c97a5b29660\" style=\"position: absolute; left: -999397px;\">H\u0131zl\u0131 ve kolay <a href=\"https:\/\/www.yomorganik.com.tr\/\">Mostbet kay\u0131t<\/a> sizi bekliyor! En sevdi\u011finiz oyunlara kat\u0131lmak i\u00e7in hemen kaydolun. Birka\u00e7 ad\u0131mda hesab\u0131n\u0131z\u0131 olu\u015fturun ve heyecan dolu d\u00fcnyam\u0131za ad\u0131m at\u0131n. \u015eimdi kaydolun ve kazanmaya ba\u015flay\u0131n!<\/div>\n<div class=\"5bf964b4eac4572f247ea62e72c9358f\" style=\"position: absolute; right: -999910px;\">\u041e\u0442\u0437\u044b\u0432\u044b \u043e Mostbet \u0432 \u043e\u0441\u043d\u043e\u0432\u043d\u043e\u043c \u043f\u043e\u043b\u043e\u0436\u0438\u0442\u0435\u043b\u044c\u043d\u044b\u0435. \u041f\u043e\u043b\u044c\u0437\u043e\u0432\u0430\u0442\u0435\u043b\u0438 \u043e\u0442\u043c\u0435\u0447\u0430\u044e\u0442 \u0448\u0438\u0440\u043e\u043a\u0438\u0439 \u0432\u044b\u0431\u043e\u0440 \u0441\u0442\u0430\u0432\u043e\u043a, \u0443\u0434\u043e\u0431\u043d\u044b\u0435 \u0441\u043f\u043e\u0441\u043e\u0431\u044b \u043f\u043e\u043f\u043e\u043b\u043d\u0435\u043d\u0438\u044f \u0438 \u0432\u044b\u0432\u043e\u0434\u0430 \u0441\u0440\u0435\u0434\u0441\u0442\u0432, \u0430 \u0442\u0430\u043a\u0436\u0435 \u043e\u043f\u0435\u0440\u0430\u0442\u0438\u0432\u043d\u0443\u044e \u0442\u0435\u0445\u043f\u043e\u0434\u0434\u0435\u0440\u0436\u043a\u0443. \u0411\u043b\u0430\u0433\u043e\u0434\u0430\u0440\u044f <a href=\"https:\/\/mostbetkzvhod.com\/\">\u041c\u043e\u0441\u0442\u0431\u0435\u0442<\/a> , \u043c\u043d\u043e\u0433\u0438\u0435 \u0438\u0433\u0440\u043e\u043a\u0438 \u043d\u0430\u0441\u043b\u0430\u0436\u0434\u0430\u044e\u0442\u0441\u044f \u0430\u0437\u0430\u0440\u0442\u043d\u043e\u0439 \u0438\u0433\u0440\u043e\u0439 \u0438 \u0431\u044b\u0441\u0442\u0440\u044b\u043c\u0438 \u0432\u044b\u043f\u043b\u0430\u0442\u0430\u043c\u0438. \u041f\u043b\u0430\u0442\u0444\u043e\u0440\u043c\u0430 \u0437\u0430\u0441\u043b\u0443\u0436\u0438\u043b\u0430 \u0434\u043e\u0432\u0435\u0440\u0438\u0435 \u0437\u0430 \u043d\u0430\u0434\u0435\u0436\u043d\u043e\u0441\u0442\u044c \u0438 \u043a\u0430\u0447\u0435\u0441\u0442\u0432\u0435\u043d\u043d\u043e\u0435 \u043e\u0431\u0441\u043b\u0443\u0436\u0438\u0432\u0430\u043d\u0438\u0435.<\/div>","protected":false},"excerpt":{"rendered":"<p>This is an example page. It&#8217;s different from a blog post because it will stay in one place and will show up in your site navigation (in most themes). Most people start with an About page that introduces them to potential site visitors. It might say something like this: Casino n\u0259dir? &nbsp; Kazino, insanlar\u0131n \u015fans&hellip; <a class=\"more-link\" href=\"https:\/\/skymall.dikonia.in\/\">Continue reading <span class=\"screen-reader-text\">Sample Page<\/span><\/a><\/p>\n","protected":false},"author":1,"featured_media":0,"parent":0,"menu_order":0,"comment_status":"closed","ping_status":"open","template":"","meta":[],"_links":{"self":[{"href":"https:\/\/skymall.dikonia.in\/index.php\/wp-json\/wp\/v2\/pages\/2"}],"collection":[{"href":"https:\/\/skymall.dikonia.in\/index.php\/wp-json\/wp\/v2\/pages"}],"about":[{"href":"https:\/\/skymall.dikonia.in\/index.php\/wp-json\/wp\/v2\/types\/page"}],"author":[{"embeddable":true,"href":"https:\/\/skymall.dikonia.in\/index.php\/wp-json\/wp\/v2\/users\/1"}],"replies":[{"embeddable":true,"href":"https:\/\/skymall.dikonia.in\/index.php\/wp-json\/wp\/v2\/comments?post=2"}],"version-history":[{"count":29,"href":"https:\/\/skymall.dikonia.in\/index.php\/wp-json\/wp\/v2\/pages\/2\/revisions"}],"predecessor-version":[{"id":143077,"href":"https:\/\/skymall.dikonia.in\/index.php\/wp-json\/wp\/v2\/pages\/2\/revisions\/143077"}],"wp:attachment":[{"href":"https:\/\/skymall.dikonia.in\/index.php\/wp-json\/wp\/v2\/media?parent=2"}],"curies":[{"name":"wp","href":"https:\/\/api.w.org\/{rel}","templated":true}]}}